{"id":10291,"date":"2020-07-22T22:12:32","date_gmt":"2020-07-22T20:12:32","guid":{"rendered":"https:\/\/textecture.com\/?page_id=10291"},"modified":"2022-05-15T15:04:39","modified_gmt":"2022-05-15T13:04:39","slug":"ka-linke-artikel-zu-architektur-und-staedtebau","status":"publish","type":"page","link":"https:\/\/textecture.com\/?lang=de","title":{"rendered":"Ka Linke &#8211; Artikel zu Architektur und St\u00e4dtebau"},"content":{"rendered":"[vc_row css=&#8220;.vc_custom_1596447926294{padding-top: 0px !important;padding-right: 0px !important;padding-bottom: 0px !important;padding-left: 0px !important;}&#8220;][vc_column visibility=&#8220;hidden-sm&#8220; width=&#8220;1\/3&#8243;][\/vc_column][vc_column width=&#8220;2\/3&#8243;][mk_fancy_title tag_name=&#8220;h6&#8243; color=&#8220;&#8220; size=&#8220;12&#8243; letter_spacing=&#8220;2&#8243; margin_bottom=&#8220;0&#8243; font_family=&#8220;none&#8220;]\n<h4><span style=\"color: #00ccff;\">Meine Kolumne<\/span><\/h4>\n<hr \/>\n<p>\u00dcberlegungen zu Architektur und St\u00e4dtebau in S\u00fcdfrankreich[\/mk_fancy_title][mk_padding_divider size=&#8220;45&#8243;][\/vc_column][\/vc_row][vc_row css=&#8220;.vc_custom_1596447926294{padding-top: 0px !important;padding-right: 0px !important;padding-bottom: 0px !important;padding-left: 0px !important;}&#8220;][vc_column visibility=&#8220;hidden-sm&#8220; width=&#8220;1\/3&#8243;][\/vc_column][vc_column width=&#8220;2\/3&#8243;][mk_fancy_title color=&#8220;&#8220; size=&#8220;12&#8243; font_weight=&#8220;normal&#8220; letter_spacing=&#8220;2&#8243; margin_bottom=&#8220;0&#8243; font_family=&#8220;none&#8220;]\n<h3>Libeskind in Nizza<\/h3>\n<p><strong>Wie viel Charisma kann ein Geb\u00e4ude haben?<\/strong>[\/mk_fancy_title][\/vc_column][\/vc_row][vc_row css=&#8220;.vc_custom_1596447926294{padding-top: 0px !important;padding-right: 0px !important;padding-bottom: 0px !important;padding-left: 0px !important;}&#8220;][vc_column border_color=&#8220;#ededed&#8220; visibility=&#8220;hidden-sm&#8220; width=&#8220;1\/3&#8243;][mk_fancy_title color=&#8220;&#8220; size=&#8220;22&#8243; font_weight=&#8220;900&#8243; letter_spacing=&#8220;1&#8243; margin_top=&#8220;30&#8243; margin_bottom=&#8220;0&#8243; font_family=&#8220;none&#8220;]\n<h4 class=\"site__logo\"><span style=\"color: #ffcc00;\">Wettbewerbe<\/span><\/h4>\n[\/mk_fancy_title][mk_fancy_title size=&#8220;12&#8243; font_weight=&#8220;normal&#8220; letter_spacing=&#8220;1&#8243; margin_bottom=&#8220;0&#8243; font_family=&#8220;none&#8220;]\n<h6><strong>in Frankreich<\/strong><\/h6>\n[\/mk_fancy_title][vc_wp_rss items=&#8220;3&#8243; url=&#8220;https:\/\/ted.europa.eu\/TED\/rss\/CustomRSSFeedGenerator\/2307407\/de#&#8220; title=&#8220;.&#8220;][\/vc_column][vc_column width=&#8220;2\/3&#8243;][mk_fancy_title size=&#8220;15&#8243; margin_bottom=&#8220;0&#8243; font_family=&#8220;none&#8220;]An der C\u00f4te d\u2019Azur wird derzeit das erste franz\u00f6sische Bauvorhaben von Studio Libeskind realisiert (1). Es tr\u00e4gt den Namen <em>Iconic<\/em> und besetzt ein besonders prominentes Eckgrundst\u00fcck an einer der Hauptschlagadern Nizzas. Das Baufeld erstreckt sich \u00fcber mehrere Parzellen entlang der Gleisanlagen,\u00a0 <a href=\"https:\/\/textecture.com\/?page_id=11216\">&#8230;\u00a0 \u00a0<strong>weiterlesen<\/strong><\/a>[\/mk_fancy_title][mk_image src=&#8220;https:\/\/textecture.com\/wp-content\/uploads\/2021\/05\/IMGP0043-scaled-e1620056542944.jpg&#8220; image_width=&#8220;400&#8243; image_height=&#8220;500&#8243; crop=&#8220;false&#8220; link=&#8220;https:\/\/textecture.com\/?page_id=11216&#8243; target=&#8220;_blank&#8220; desc=&#8220;Iconic im Bau 05\/2021&#8243; align=&#8220;right&#8220; margin_bottom=&#8220;0&#8243;][\/vc_column][\/vc_row][vc_row css=&#8220;.vc_custom_1596447926294{padding-top: 0px !important;padding-right: 0px !important;padding-bottom: 0px !important;padding-left: 0px !important;}&#8220;][vc_column border_color=&#8220;#ededed&#8220; visibility=&#8220;hidden-sm&#8220; width=&#8220;1\/3&#8243;][mk_padding_divider size=&#8220;50&#8243;][\/vc_column][vc_column width=&#8220;2\/3&#8243;][mk_padding_divider size=&#8220;50&#8243;][\/vc_column][\/vc_row][vc_row css=&#8220;.vc_custom_1595012556520{padding-top: 0px !important;padding-right: 0px !important;padding-bottom: 0px !important;padding-left: 0px !important;}&#8220;][vc_column border_color=&#8220;#ededed&#8220; visibility=&#8220;hidden-sm&#8220; width=&#8220;1\/3&#8243;][mk_fancy_title color=&#8220;#fee330&#8243; size=&#8220;22&#8243; font_weight=&#8220;900&#8243; letter_spacing=&#8220;1&#8243; margin_top=&#8220;30&#8243; margin_bottom=&#8220;0&#8243; font_family=&#8220;none&#8220;]\n<h4 class=\"site__logo\"><span style=\"color: #ffcc00;\">Messen<\/span><\/h4>\n[\/mk_fancy_title][vc_masonry_grid post_type=&#8220;ids&#8220; element_width=&#8220;12&#8243; gap=&#8220;35&#8243; item=&#8220;11763&#8243; grid_id=&#8220;vc_gid:1652619856003-3517ad79-e68a-7&#8243; css=&#8220;.vc_custom_1652619874731{background-color: #ffffff !important;}&#8220; include=&#8220;11897&#8243;][\/vc_column][vc_column width=&#8220;2\/3&#8243;][mk_fancy_title tag_name=&#8220;h3&#8243; color=&#8220;&#8220; size=&#8220;12&#8243; font_weight=&#8220;normal&#8220; letter_spacing=&#8220;2&#8243; margin_top=&#8220;5&#8243; margin_bottom=&#8220;0&#8243; font_family=&#8220;none&#8220;]\n<h3>Ein charmantes Paar<\/h3>\n<p><strong>Promenade des Anglais 137\/139, Nizza<\/strong>[\/mk_fancy_title][mk_fancy_title size=&#8220;15&#8243; margin_bottom=&#8220;0&#8243; font_family=&#8220;none&#8220;]Die Promenade des Anglais wurde im 19. Jahrhundert angelegt, als Nizza noch nicht zu Frankreich, sondern zum F\u00fcrstentum Savoyen geh\u00f6rte. Sp\u00e4ter wurde diese Strandpromenade Inbegriff der Erholung, Schauplatz politischer und finanzieller Skandale sowie zahlreicher <a href=\"https:\/\/textecture.com\/?page_id=10315\">&#8230;\u00a0 \u00a0<strong>weiterlesen<\/strong><\/a>[\/mk_fancy_title][mk_image src=&#8220;https:\/\/textecture.com\/wp-content\/uploads\/2020\/07\/couple-scaled-e1620057291577.jpg&#8220; image_width=&#8220;400&#8243; image_height=&#8220;500&#8243; crop=&#8220;false&#8220; link=&#8220;https:\/\/textecture.com\/?page_id=10315&#8243; target=&#8220;_blank&#8220; desc=&#8220;Villa Huovila &#8211; La Monada&#8220; align=&#8220;right&#8220; margin_bottom=&#8220;0&#8243;][mk_padding_divider size=&#8220;50&#8243;][\/vc_column][\/vc_row]\n","protected":false},"excerpt":{"rendered":"<p>[vc_row css=&#8220;.vc_custom_1596447926294{padding-top: 0px !important;padding-right: 0px !important;padding-bottom: 0px !important;padding-left: 0px !important;}&#8220;][vc_column visibility=&#8220;hidden-sm&#8220; width=&#8220;1\/3&#8243;][\/vc_column][vc_column width=&#8220;2\/3&#8243;][mk_fancy_title tag_name=&#8220;h6&#8243; color=&#8220;&#8220; size=&#8220;12&#8243; letter_spacing=&#8220;2&#8243; margin_bottom=&#8220;0&#8243; font_family=&#8220;none&#8220;] Meine Kolumne \u00dcberlegungen zu Architektur und St\u00e4dtebau in S\u00fcdfrankreich[\/mk_fancy_title][mk_padding_divider size=&#8220;45&#8243;][\/vc_column][\/vc_row][vc_row css=&#8220;.vc_custom_1596447926294{padding-top: 0px !important;padding-right: 0px !important;padding-bottom: 0px !important;padding-left: 0px !important;}&#8220;][vc_column visibility=&#8220;hidden-sm&#8220; width=&#8220;1\/3&#8243;][\/vc_column][vc_column width=&#8220;2\/3&#8243;][mk_fancy_title color=&#8220;&#8220; size=&#8220;12&#8243; font_weight=&#8220;normal&#8220; letter_spacing=&#8220;2&#8243; margin_bottom=&#8220;0&#8243; font_family=&#8220;none&#8220;] Libeskind in Nizza Wie viel Charisma kann ein [&hellip;]<\/p>\n","protected":false},"author":1,"featured_media":0,"parent":0,"menu_order":0,"comment_status":"closed","ping_status":"closed","template":"","meta":[],"_links":{"self":[{"href":"https:\/\/textecture.com\/index.php?rest_route=\/wp\/v2\/pages\/10291"}],"collection":[{"href":"https:\/\/textecture.com\/index.php?rest_route=\/wp\/v2\/pages"}],"about":[{"href":"https:\/\/textecture.com\/index.php?rest_route=\/wp\/v2\/types\/page"}],"author":[{"embeddable":true,"href":"https:\/\/textecture.com\/index.php?rest_route=\/wp\/v2\/users\/1"}],"replies":[{"embeddable":true,"href":"https:\/\/textecture.com\/index.php?rest_route=%2Fwp%2Fv2%2Fcomments&post=10291"}],"version-history":[{"count":187,"href":"https:\/\/textecture.com\/index.php?rest_route=\/wp\/v2\/pages\/10291\/revisions"}],"predecessor-version":[{"id":12049,"href":"https:\/\/textecture.com\/index.php?rest_route=\/wp\/v2\/pages\/10291\/revisions\/12049"}],"wp:attachment":[{"href":"https:\/\/textecture.com\/index.php?rest_route=%2Fwp%2Fv2%2Fmedia&parent=10291"}],"curies":[{"name":"wp","href":"https:\/\/api.w.org\/{rel}","templated":true}]}}