{"id":10092,"date":"2020-05-10T14:38:41","date_gmt":"2020-05-10T12:38:41","guid":{"rendered":"https:\/\/textecture.com\/?page_id=10092"},"modified":"2021-08-11T14:15:57","modified_gmt":"2021-08-11T12:15:57","slug":"ka-linke-technischer-fachuebersetzer-architektur","status":"publish","type":"page","link":"https:\/\/textecture.com\/?page_id=10092","title":{"rendered":"Ka Linke &#8211; Technischer Fach\u00fcbersetzer: Architektur"},"content":{"rendered":"[vc_row css=&#8220;.vc_custom_1567502962705{padding-top: 0px !important;padding-right: 0px !important;padding-bottom: 0px !important;padding-left: 0px !important;background-color: #ffffff !important;}&#8220;][vc_column width=&#8220;1\/3&#8243;][\/vc_column][vc_column width=&#8220;2\/3&#8243;][mk_image src=&#8220;https:\/\/textecture.com\/wp-content\/uploads\/2014\/09\/weld-67640_12801-e1447833984962.jpg&#8220; align=&#8220;center&#8220;][mk_padding_divider size=&#8220;10&#8243;][mk_fancy_title tag_name=&#8220;h1&#8243; color=&#8220;#6d003e&#8220; size=&#8220;15&#8243; font_weight=&#8220;bold&#8220; letter_spacing=&#8220;1&#8243; margin_bottom=&#8220;5&#8243; font_family=&#8220;none&#8220;]Ich bin Fach\u00fcbersetzerin. Meine Themen: St\u00e4dtebau, Architektur, Hoch- und Tiefbau, Geologie und Immobilien.[\/mk_fancy_title][mk_fancy_title color=&#8220;#564e4e&#8220; letter_spacing=&#8220;1&#8243; margin_bottom=&#8220;5&#8243; font_family=&#8220;none&#8220;]Angefangen habe ich als Architektin. Nach vielen Jahren in polyglotten B\u00fcros in Meran, London und Nizza kam dann der Wunsch auf, sprachlich zu arbeiten. Also habe ich mich in ein zweites Studium gest\u00fcrzt.[\/mk_fancy_title][mk_fancy_title tag_name=&#8220;h1&#8243; color=&#8220;#564e4e&#8220; letter_spacing=&#8220;1&#8243; margin_bottom=&#8220;5&#8243; font_family=&#8220;none&#8220;]Heute bin ich mit Haut und Haaren Sprachmittlerin und \u00fcbertrage mit viel Fingerspitzengef\u00fchl baurelevante Texte aus dem Franz\u00f6sischen und Englischen ins Deutsche: Wettbewerbsbeitr\u00e4ge und Pr\u00e4sentationen, st\u00e4dtebauliche Studien, geotechnische Gutachten, Leistungsverzeichnisse oder Baustellenanweisungen. Das Programm ist vielseitig, der Anspruch hoch.[\/mk_fancy_title][mk_fancy_title color=&#8220;#564e4e&#8220; letter_spacing=&#8220;1&#8243; margin_bottom=&#8220;5&#8243; font_family=&#8220;none&#8220;]Daneben schreibe ich \u00fcber aktuelle Bauvorhaben an der C\u00f4te d\u2019Azur, fertiggestellte Bauten und Veranstaltungen, die sich mit architektonischen Themen befassen.[\/mk_fancy_title][mk_fancy_title tag_name=&#8220;h5&#8243; color=&#8220;#564e4e&#8220; letter_spacing=&#8220;1&#8243; margin_bottom=&#8220;0&#8243; font_family=&#8220;none&#8220; align=&#8220;right&#8220;]Ka Linke, Nizza, S\u00fcdfrankreich[\/mk_fancy_title][mk_image src=&#8220;https:\/\/textecture.com\/wp-content\/uploads\/2019\/11\/E-Mail.png&#8220; image_width=&#8220;220&#8243; image_height=&#8220;55&#8243; crop=&#8220;false&#8220; align=&#8220;right&#8220;][mk_padding_divider size=&#8220;10&#8243;][mk_image src=&#8220;https:\/\/textecture.com\/wp-content\/uploads\/2020\/08\/SFT-pastille-membre_G_af-e1598704544201.jpg&#8220; image_width=&#8220;60&#8243; image_height=&#8220;60&#8243; crop=&#8220;false&#8220; link=&#8220;https:\/\/www.sft.fr\/traducteur-interprete-13394-linke-katharina.html&#8220; target=&#8220;_blank&#8220; caption_location=&#8220;outside-image&#8220; align=&#8220;right&#8220;][mk_padding_divider size=&#8220;10&#8243;][mk_image src=&#8220;https:\/\/textecture.com\/wp-content\/uploads\/2020\/04\/Mitgliedslogo_kurz_de.png&#8220; image_width=&#8220;40&#8243; image_height=&#8220;40&#8243; crop=&#8220;false&#8220; link=&#8220;http:\/\/membres.bdue.de\/12945&#8243; target=&#8220;_blank&#8220; caption_location=&#8220;outside-image&#8220; align=&#8220;right&#8220; margin_bottom=&#8220;0&#8243;][\/vc_column][\/vc_row]\n","protected":false},"excerpt":{"rendered":"<p>[vc_row css=&#8220;.vc_custom_1567502962705{padding-top: 0px !important;padding-right: 0px !important;padding-bottom: 0px !important;padding-left: 0px !important;background-color: #ffffff !important;}&#8220;][vc_column width=&#8220;1\/3&#8243;][\/vc_column][vc_column width=&#8220;2\/3&#8243;][mk_image src=&#8220;https:\/\/textecture.com\/wp-content\/uploads\/2014\/09\/weld-67640_12801-e1447833984962.jpg&#8220; align=&#8220;center&#8220;][mk_padding_divider size=&#8220;10&#8243;][mk_fancy_title tag_name=&#8220;h1&#8243; color=&#8220;#6d003e&#8220; size=&#8220;15&#8243; font_weight=&#8220;bold&#8220; letter_spacing=&#8220;1&#8243; margin_bottom=&#8220;5&#8243; font_family=&#8220;none&#8220;]Ich bin Fach\u00fcbersetzerin. Meine Themen: St\u00e4dtebau, Architektur, Hoch- und Tiefbau, Geologie und Immobilien.[\/mk_fancy_title][mk_fancy_title color=&#8220;#564e4e&#8220; letter_spacing=&#8220;1&#8243; margin_bottom=&#8220;5&#8243; font_family=&#8220;none&#8220;]Angefangen habe ich als Architektin. Nach vielen Jahren in polyglotten B\u00fcros in Meran, London und Nizza [&hellip;]<\/p>\n","protected":false},"author":1,"featured_media":0,"parent":0,"menu_order":0,"comment_status":"closed","ping_status":"closed","template":"","meta":[],"_links":{"self":[{"href":"https:\/\/textecture.com\/index.php?rest_route=\/wp\/v2\/pages\/10092"}],"collection":[{"href":"https:\/\/textecture.com\/index.php?rest_route=\/wp\/v2\/pages"}],"about":[{"href":"https:\/\/textecture.com\/index.php?rest_route=\/wp\/v2\/types\/page"}],"author":[{"embeddable":true,"href":"https:\/\/textecture.com\/index.php?rest_route=\/wp\/v2\/users\/1"}],"replies":[{"embeddable":true,"href":"https:\/\/textecture.com\/index.php?rest_route=%2Fwp%2Fv2%2Fcomments&post=10092"}],"version-history":[{"count":30,"href":"https:\/\/textecture.com\/index.php?rest_route=\/wp\/v2\/pages\/10092\/revisions"}],"predecessor-version":[{"id":11863,"href":"https:\/\/textecture.com\/index.php?rest_route=\/wp\/v2\/pages\/10092\/revisions\/11863"}],"wp:attachment":[{"href":"https:\/\/textecture.com\/index.php?rest_route=%2Fwp%2Fv2%2Fmedia&parent=10092"}],"curies":[{"name":"wp","href":"https:\/\/api.w.org\/{rel}","templated":true}]}}